{"id":32,"date":"2024-10-15T11:38:17","date_gmt":"2024-10-15T14:38:17","guid":{"rendered":"https:\/\/webapp390257.ip-198-58-123-4.cloudezapp.io\/?page_id=32"},"modified":"2025-03-17T15:07:12","modified_gmt":"2025-03-17T18:07:12","slug":"acredittation","status":"publish","type":"page","link":"https:\/\/koffko.com.br\/pt\/acredittation\/","title":{"rendered":"Credenciamento"},"content":{"rendered":"<div data-elementor-type=\"wp-page\" data-elementor-id=\"32\" class=\"elementor elementor-32\" data-elementor-post-type=\"page\">\n\t\t\t\t\t\t<section class=\"elementor-section elementor-top-section elementor-element elementor-element-0fd70d0 elementor-section-boxed elementor-section-height-default elementor-section-height-default\" data-id=\"0fd70d0\" data-element_type=\"section\" data-settings=\"{&quot;background_background&quot;:&quot;classic&quot;}\">\n\t\t\t\t\t\t<div class=\"elementor-container elementor-column-gap-default\">\n\t\t\t\t\t<div class=\"elementor-column elementor-col-100 elementor-top-column elementor-element elementor-element-02b51d6\" data-id=\"02b51d6\" data-element_type=\"column\">\n\t\t\t<div class=\"elementor-widget-wrap elementor-element-populated\">\n\t\t\t\t\t\t<div class=\"elementor-element elementor-element-5e86fea elementor-widget elementor-widget-heading\" data-id=\"5e86fea\" data-element_type=\"widget\" data-widget_type=\"heading.default\">\n\t\t\t\t<div class=\"elementor-widget-container\">\n\t\t\t\t\t<h2 class=\"elementor-heading-title elementor-size-default\">CREDENCIAMENTO<\/h2>\t\t\t\t<\/div>\n\t\t\t\t<\/div>\n\t\t\t\t\t<\/div>\n\t\t<\/div>\n\t\t\t\t\t<\/div>\n\t\t<\/section>\n\t\t\t\t<section class=\"elementor-section elementor-top-section elementor-element elementor-element-5b6afc7 elementor-section-boxed elementor-section-height-default elementor-section-height-default\" data-id=\"5b6afc7\" data-element_type=\"section\">\n\t\t\t\t\t\t<div class=\"elementor-container elementor-column-gap-default\">\n\t\t\t\t\t<div class=\"elementor-column elementor-col-100 elementor-top-column elementor-element elementor-element-76cfe2e\" data-id=\"76cfe2e\" data-element_type=\"column\">\n\t\t\t<div class=\"elementor-widget-wrap elementor-element-populated\">\n\t\t\t\t\t\t<div class=\"elementor-element elementor-element-9e7f856 elementor-widget elementor-widget-text-editor\" data-id=\"9e7f856\" data-element_type=\"widget\" data-widget_type=\"text-editor.default\">\n\t\t\t\t<div class=\"elementor-widget-container\">\n\t\t\t\t\t\t\t\t\t<p>You will have the opportunity to cover our event in Piracicaba, S\u00e3o Paulo\u00a0and other cities.<\/p><p><img decoding=\"async\" src=\"https:\/\/fonts.gstatic.com\/s\/e\/notoemoji\/15.0\/25b6_fe0f\/32.png\" alt=\"\u25b6\ufe0f\" data-emoji=\"\u25b6\ufe0f\" aria-label=\"\u25b6\ufe0f\" \/>\u00a0program\u00a0\u2013 SP Korean Film Festival will choose a group of press credentials that will allow coverage of the event and behind the scenes.<\/p><p><img decoding=\"async\" src=\"https:\/\/fonts.gstatic.com\/s\/e\/notoemoji\/15.0\/25b6_fe0f\/32.png\" alt=\"\u25b6\ufe0f\" data-emoji=\"\u25b6\ufe0f\" aria-label=\"\u25b6\ufe0f\" \/>\u00a0O interesse dever\u00e1 ser comunicado por email\u00a0<a href=\"mailto:imprensa@koffko.com.br\">imprensa@koffko.com.br<\/a>\u00a0com o envio do media kit caso o tenha ou informa\u00e7\u00f5es sobre o ve\u00edculo.<\/p><p><img decoding=\"async\" src=\"https:\/\/fonts.gstatic.com\/s\/e\/notoemoji\/15.0\/25b6_fe0f\/32.png\" alt=\"\u25b6\ufe0f\" data-emoji=\"\u25b6\ufe0f\" aria-label=\"\u25b6\ufe0f\" \/>\u00a0Aguarde resposta via email e enviaremos a confirma\u00e7\u00e3o ou n\u00e3o da sele\u00e7\u00e3o, bem como maiores informa\u00e7\u00f5es sobre como ser\u00e1 a din\u00e2mica de trabalho.<\/p><p><img decoding=\"async\" src=\"https:\/\/fonts.gstatic.com\/s\/e\/notoemoji\/15.0\/25b6_fe0f\/32.png\" alt=\"\u25b6\ufe0f\" data-emoji=\"\u25b6\ufe0f\" aria-label=\"\u25b6\ufe0f\" \/>\u00a0O credenciamento ser\u00e1 realizado para at\u00e9 2 (duas) pessoas representantes de um mesmo ve\u00edculo de imprensa, a ser decidido pela organiza\u00e7\u00e3o.<\/p><p><img decoding=\"async\" src=\"https:\/\/fonts.gstatic.com\/s\/e\/notoemoji\/15.0\/25b6_fe0f\/32.png\" alt=\"\u25b6\ufe0f\" data-emoji=\"\u25b6\ufe0f\" aria-label=\"\u25b6\ufe0f\" \/>\u00a0A organiza\u00e7\u00e3o do evento N\u00c3O cobrir\u00e1 despesas de viagem ou outros pagamentos!<\/p>\t\t\t\t\t\t\t\t<\/div>\n\t\t\t\t<\/div>\n\t\t\t\t<div class=\"elementor-element elementor-element-71d4150 elementor-widget elementor-widget-text-editor\" data-id=\"71d4150\" data-element_type=\"widget\" data-widget_type=\"text-editor.default\">\n\t\t\t\t<div class=\"elementor-widget-container\">\n\t\t\t\t\t\t\t\t\t<h4><strong>A entrada \u00e9 gratuita!<\/strong><\/h4>\t\t\t\t\t\t\t\t<\/div>\n\t\t\t\t<\/div>\n\t\t\t\t<div class=\"elementor-element elementor-element-897865c elementor-hidden-desktop elementor-hidden-tablet elementor-hidden-mobile elementor-widget elementor-widget-text-editor\" data-id=\"897865c\" data-element_type=\"widget\" data-widget_type=\"text-editor.default\">\n\t\t\t\t<div class=\"elementor-widget-container\">\n\t\t\t\t\t\t\t\t\t<h4><strong>A entrada \u00e9 gratuita!<\/strong><\/h4><p><strong>Dias:<\/strong>\u00a03 a 9 de outubro de 2024<\/p><p><strong>Local:<\/strong>\u00a0Reserva Cultural<\/p><p><strong>Endere\u00e7o:<\/strong>\u00a0Av. Paulista, 900, Bela Vista, S\u00e3o Paulo<\/p>\t\t\t\t\t\t\t\t<\/div>\n\t\t\t\t<\/div>\n\t\t\t\t\t<\/div>\n\t\t<\/div>\n\t\t\t\t\t<\/div>\n\t\t<\/section>\n\t\t\t\t<\/div>","protected":false},"excerpt":{"rendered":"<p>ACREDITTATION You will have the opportunity to cover our event in Piracicaba, S\u00e3o Paulo\u00a0and other cities. \u00a0program\u00a0\u2013 SP Korean Film Festival will choose a group of press credentials that will allow coverage of the event and behind the scenes. \u00a0Interest must be communicated by email\u00a0imprensa@koffko.com.br\u00a0with the sending of the media kit if you have it [&hellip;]<\/p>","protected":false},"author":1,"featured_media":0,"parent":0,"menu_order":0,"comment_status":"closed","ping_status":"closed","template":"","meta":{"footnotes":""},"class_list":["post-32","page","type-page","status-publish","hentry"],"_links":{"self":[{"href":"https:\/\/koffko.com.br\/pt\/wp-json\/wp\/v2\/pages\/32","targetHints":{"allow":["GET"]}}],"collection":[{"href":"https:\/\/koffko.com.br\/pt\/wp-json\/wp\/v2\/pages"}],"about":[{"href":"https:\/\/koffko.com.br\/pt\/wp-json\/wp\/v2\/types\/page"}],"author":[{"embeddable":true,"href":"https:\/\/koffko.com.br\/pt\/wp-json\/wp\/v2\/users\/1"}],"replies":[{"embeddable":true,"href":"https:\/\/koffko.com.br\/pt\/wp-json\/wp\/v2\/comments?post=32"}],"version-history":[{"count":28,"href":"https:\/\/koffko.com.br\/pt\/wp-json\/wp\/v2\/pages\/32\/revisions"}],"predecessor-version":[{"id":4689,"href":"https:\/\/koffko.com.br\/pt\/wp-json\/wp\/v2\/pages\/32\/revisions\/4689"}],"wp:attachment":[{"href":"https:\/\/koffko.com.br\/pt\/wp-json\/wp\/v2\/media?parent=32"}],"curies":[{"name":"wp","href":"https:\/\/api.w.org\/{rel}","templated":true}]}}